{"id":23,"date":"2013-01-25T13:58:00","date_gmt":"2013-01-25T13:58:00","guid":{"rendered":"http:\/\/krausearchitektur.de\/?page_id=23"},"modified":"2023-03-24T11:27:04","modified_gmt":"2023-03-24T11:27:04","slug":"uber-mich","status":"publish","type":"page","link":"https:\/\/krausearchitektur.de\/?page_id=23","title":{"rendered":"\u00dcber mich"},"content":{"rendered":"<p lang=\"de-DE\">\n<p lang=\"de-DE\">\u201cVertrauen, pers\u00f6nliche Kommunikation und gestalterische Individualit\u00e4t<br \/>\n\u2013 das sind die Prinzipien meiner Arbeit.\u201d<\/p>\n<p lang=\"de-DE\"><strong>Dipl.-Ing. Architekt Dieter Krause<\/strong><\/p>\n<p lang=\"de-DE\">Vita<\/p>\n<p lang=\"de-DE\">1959 geboren 27.06.1959 in Posen\/Poznan (Polen)<br \/>\n1977-1981 <strong>Wirtschaft<\/strong>sstudium in Posen\/Poznan (Polen)<br \/>\n1983-1987 <strong>Architektur<\/strong>studium an der Hochschule HAWK in Hildesheim<br \/>\n1987 Diplomingenieur<br \/>\n1987-1997 Architekt in verschiedenen Architekturb\u00fcros<br \/>\n1988-1993 Projektleiter bei Gerlach Wohnungsbau in Hannover<br \/>\n1993\u00a0 Mitglied der Architektenkammer Niedersachsen<br \/>\n1997\u00a0 Projektmanager f\u00fcr Gro\u00dfprojekte (Einkaufszentren) in Polen bei Metro AG<br \/>\n<strong>1998-heute<\/strong>\u00a0 Selbstst\u00e4ndig, freischaffender Architekt und Gr\u00fcndung von <strong>Architekturb\u00fcro Krause<\/strong><\/p>\n","protected":false},"excerpt":{"rendered":"<p>\u201cVertrauen, pers\u00f6nliche Kommunikation und gestalterische Individualit\u00e4t \u2013 das sind die Prinzipien meiner Arbeit.\u201d Dipl.-Ing. Architekt Dieter Krause Vita 1959 geboren&#8230;<\/p>\n","protected":false},"author":2,"featured_media":0,"parent":0,"menu_order":0,"comment_status":"closed","ping_status":"open","template":"template-full-width.php","meta":{"footnotes":""},"class_list":["post-23","page","type-page","status-publish","hentry","end"],"_links":{"self":[{"href":"https:\/\/krausearchitektur.de\/index.php?rest_route=\/wp\/v2\/pages\/23","targetHints":{"allow":["GET"]}}],"collection":[{"href":"https:\/\/krausearchitektur.de\/index.php?rest_route=\/wp\/v2\/pages"}],"about":[{"href":"https:\/\/krausearchitektur.de\/index.php?rest_route=\/wp\/v2\/types\/page"}],"author":[{"embeddable":true,"href":"https:\/\/krausearchitektur.de\/index.php?rest_route=\/wp\/v2\/users\/2"}],"replies":[{"embeddable":true,"href":"https:\/\/krausearchitektur.de\/index.php?rest_route=%2Fwp%2Fv2%2Fcomments&post=23"}],"version-history":[{"count":17,"href":"https:\/\/krausearchitektur.de\/index.php?rest_route=\/wp\/v2\/pages\/23\/revisions"}],"predecessor-version":[{"id":709,"href":"https:\/\/krausearchitektur.de\/index.php?rest_route=\/wp\/v2\/pages\/23\/revisions\/709"}],"wp:attachment":[{"href":"https:\/\/krausearchitektur.de\/index.php?rest_route=%2Fwp%2Fv2%2Fmedia&parent=23"}],"curies":[{"name":"wp","href":"https:\/\/api.w.org\/{rel}","templated":true}]}}