{"id":31,"date":"2013-01-25T14:10:52","date_gmt":"2013-01-25T14:10:52","guid":{"rendered":"http:\/\/krausearchitektur.de\/?page_id=31"},"modified":"2024-02-11T17:53:33","modified_gmt":"2024-02-11T17:53:33","slug":"impressum","status":"publish","type":"page","link":"https:\/\/krausearchitektur.de\/?page_id=31","title":{"rendered":"Impressum"},"content":{"rendered":"<p><strong><span style=\"color: #000080;\">Architekturb\u00fcro Krause<\/span><\/strong><\/p>\n<p><strong><span style=\"color: #000080;\">Kampsriede 20, 30659 Hannover<\/span><\/strong><\/p>\n<p><strong><span style=\"color: #000080;\">Tel. 0049 (0)511 6062315<\/span><\/strong><\/p>\n<p>E-Mail: info@krausearchitektur.de<br \/>\nHomepage: www.krausearchitektur.de<\/p>\n<p>Umsatzsteuer-Identifikationsnummer: 25-124-01922<\/p>\n<p>Mitglied der <a href=\"http:\/\/www.aknds.de\/\" target=\"_blank\" rel=\"noopener noreferrer\">Architektenkammer Niedersachsen <\/a><\/p>\n<p><strong>Berufsrechtliche Regelung: <\/strong><br \/>\nArchitektengesetz (siehe Architektenkammer)<\/p>\n<p>Inhaltlich Verantwortlicher gem\u00e4\u00df \u00a7 55 Abs. 2 RStV:<br \/>\nDieter Krause (Anschrift wie oben)<\/p>\n<p><strong>Haftungsausschluss: <\/strong><br \/>\nWir \u00fcbernehmen keinerlei Gew\u00e4hr f\u00fcr die Aktualit\u00e4t,\u00a0Korrektheit, Vollst\u00e4ndigkeit oder Qualit\u00e4t der\u00a0bereitgestellten Informationen. Haftungsanspr\u00fcche jeglicher Art gegen uns werden grunds\u00e4tzlich ausgeschlossen. Wir behalten uns vor, Teile der Seite oder das gesamte Angebot ohne gesonderte Ank\u00fcndigung zu ver\u00e4ndern, zu erg\u00e4nzen, zu l\u00f6schen, oder die Ver\u00f6ffentlichung zeitweise oder endg\u00fcltig einzustellen. Unsere Seiten enthalten Links zu anderen Internetseiten. F\u00fcr den Inhalt der exteren Seiten sind wir nicht verantwortlich, und haben keinerlei Einfluss auf die Gestaltung und den Inhalt. Wir distanzieren uns deshalb ausdr\u00fccklich von allen Inhalten verlinkter Seiten auf unserer Website.<\/p>\n","protected":false},"excerpt":{"rendered":"<p>Architekturb\u00fcro Krause Kampsriede 20, 30659 Hannover Tel. 0049 (0)511 6062315 E-Mail: info@krausearchitektur.de Homepage: www.krausearchitektur.de Umsatzsteuer-Identifikationsnummer: 25-124-01922 Mitglied der Architektenkammer Niedersachsen&#8230;<\/p>\n","protected":false},"author":2,"featured_media":0,"parent":0,"menu_order":0,"comment_status":"closed","ping_status":"closed","template":"template-full-width.php","meta":{"footnotes":""},"class_list":["post-31","page","type-page","status-publish","hentry","end"],"_links":{"self":[{"href":"https:\/\/krausearchitektur.de\/index.php?rest_route=\/wp\/v2\/pages\/31","targetHints":{"allow":["GET"]}}],"collection":[{"href":"https:\/\/krausearchitektur.de\/index.php?rest_route=\/wp\/v2\/pages"}],"about":[{"href":"https:\/\/krausearchitektur.de\/index.php?rest_route=\/wp\/v2\/types\/page"}],"author":[{"embeddable":true,"href":"https:\/\/krausearchitektur.de\/index.php?rest_route=\/wp\/v2\/users\/2"}],"replies":[{"embeddable":true,"href":"https:\/\/krausearchitektur.de\/index.php?rest_route=%2Fwp%2Fv2%2Fcomments&post=31"}],"version-history":[{"count":9,"href":"https:\/\/krausearchitektur.de\/index.php?rest_route=\/wp\/v2\/pages\/31\/revisions"}],"predecessor-version":[{"id":713,"href":"https:\/\/krausearchitektur.de\/index.php?rest_route=\/wp\/v2\/pages\/31\/revisions\/713"}],"wp:attachment":[{"href":"https:\/\/krausearchitektur.de\/index.php?rest_route=%2Fwp%2Fv2%2Fmedia&parent=31"}],"curies":[{"name":"wp","href":"https:\/\/api.w.org\/{rel}","templated":true}]}}